{"id":97,"date":"2022-03-14T21:50:37","date_gmt":"2022-03-15T00:50:37","guid":{"rendered":"https:\/\/hortareal.com.br\/?post_type=product&#038;p=97"},"modified":"2022-11-29T09:36:21","modified_gmt":"2022-11-29T12:36:21","slug":"banana-caturra-verde-porcao-1-kg","status":"publish","type":"product","link":"https:\/\/hortareal.com.br\/?product=banana-caturra-verde-porcao-1-kg","title":{"rendered":"Banana caturra verde (por\u00e7\u00e3o 1 kg)"},"content":{"rendered":"<p><span style=\"font-size: medium;\">Ideal para o preparo de receitas!<\/span><\/p>\n<p><span style=\"font-size: medium;\">Produzido pela Horta Real, sem a adi\u00e7\u00e3o de agrot\u00f3xicos.<\/span><\/p>\n<p><span style=\"font-size: medium;\">Aduba\u00e7\u00e3o feita a partir de bokashi.<\/span><\/p>\n","protected":false},"excerpt":{"rendered":"<p><span style=\"font-size: medium;\">Ideal para o preparo de receitas!<\/span><\/p>\n<p><span style=\"font-size: medium;\">Produzido pela Horta Real, sem a adi\u00e7\u00e3o de agrot\u00f3xicos.<\/span><\/p>\n<p><span style=\"font-size: medium;\">Aduba\u00e7\u00e3o feita a partir de bokashi.<\/span><\/p>\n","protected":false},"featured_media":98,"template":"","meta":{"om_disable_all_campaigns":false,"_mi_skip_tracking":false,"_joinchat":[]},"product_cat":[20],"product_tag":[],"class_list":{"0":"post-97","1":"product","2":"type-product","3":"status-publish","4":"has-post-thumbnail","6":"product_cat-fruta","8":"first","9":"outofstock","10":"shipping-taxable","11":"purchasable","12":"product-type-simple"},"aioseo_notices":[],"jetpack-related-posts":[{"id":157,"url":"https:\/\/hortareal.com.br\/?product=umbigo-de-banana-und","url_meta":{"origin":97,"position":0},"title":"Umbigo de banana (und.)","date":"mar\u00e7o 14, 2022","format":false,"excerpt":"Existem excelentes receitas com o umbigo de banana, vale a pena experimentar! Al\u00e9m disso essa PANC possui grandes quantidades de fibra alimentar, prote\u00ednas e minerais. Produzido pela Horta Real, sem adi\u00e7\u00e3o de agrot\u00f3xicos. Aduba\u00e7\u00e3o feita a partir de bokashi e biogel.","rel":"","context":"Post similar","img":{"alt_text":"","src":"https:\/\/i0.wp.com\/hortareal.com.br\/wp-content\/uploads\/2022\/03\/umbigo-de-banana-scaled.jpg?fit=1200%2C1200&ssl=1&resize=350%2C200","width":350,"height":200},"classes":[]},{"id":78,"url":"https:\/\/hortareal.com.br\/?product=alecrim","url_meta":{"origin":97,"position":1},"title":"Alecrim (molho)","date":"mar\u00e7o 14, 2022","format":false,"excerpt":"Produzido pela Horta Real, sem adi\u00e7\u00e3o de agrot\u00f3xicos. Aduba\u00e7\u00e3o feita a partir de bokashi.","rel":"","context":"Post similar","img":{"alt_text":"","src":"https:\/\/i0.wp.com\/hortareal.com.br\/wp-content\/uploads\/2022\/03\/alecrim.jpg?fit=1200%2C1200&ssl=1&resize=350%2C200","width":350,"height":200},"classes":[]},{"id":95,"url":"https:\/\/hortareal.com.br\/?product=azedinha","url_meta":{"origin":97,"position":2},"title":"Azedinha (molho)","date":"mar\u00e7o 14, 2022","format":false,"excerpt":"Produzido pela Horta Real, sem a adi\u00e7\u00e3o de agrot\u00f3xicos. Aduba\u00e7\u00e3o feita a partir de bokashi.","rel":"","context":"Post similar","img":{"alt_text":"","src":"https:\/\/i0.wp.com\/hortareal.com.br\/wp-content\/uploads\/2022\/03\/azedinha-scaled.jpg?fit=1200%2C1200&ssl=1&resize=350%2C200","width":350,"height":200},"classes":[]},{"id":102,"url":"https:\/\/hortareal.com.br\/?product=berinjela-450g","url_meta":{"origin":97,"position":3},"title":"Berinjela ( 600g )","date":"mar\u00e7o 14, 2022","format":false,"excerpt":"Produzido pela Horta Real, sem a adi\u00e7\u00e3o de agrot\u00f3xicos. Aduba\u00e7\u00e3o feita a partir de bokashi.","rel":"","context":"Post similar","img":{"alt_text":"","src":"https:\/\/i0.wp.com\/hortareal.com.br\/wp-content\/uploads\/2022\/03\/berinjela-scaled.jpg?fit=1200%2C1200&ssl=1&resize=350%2C200","width":350,"height":200},"classes":[]},{"id":76,"url":"https:\/\/hortareal.com.br\/?product=agriao","url_meta":{"origin":97,"position":4},"title":"Agri\u00e3o da terra (molho)","date":"mar\u00e7o 14, 2022","format":false,"excerpt":"Produzido pela Horta Real, sem a adi\u00e7\u00e3o de agrot\u00f3xicos. Aduba\u00e7\u00e3o feita a partir de bokashi e biogel.","rel":"","context":"Post similar","img":{"alt_text":"","src":"https:\/\/i0.wp.com\/hortareal.com.br\/wp-content\/uploads\/2022\/03\/agriao-scaled.jpg?fit=1200%2C1200&ssl=1&resize=350%2C200","width":350,"height":200},"classes":[]},{"id":93,"url":"https:\/\/hortareal.com.br\/?product=almeirao","url_meta":{"origin":97,"position":5},"title":"Almeir\u00e3o (und.)","date":"mar\u00e7o 14, 2022","format":false,"excerpt":"Produzido pela Horta Real, sem a adi\u00e7\u00e3o de agrot\u00f3xicos. Aduba\u00e7\u00e3o feita a partir de bokashi e biogel.","rel":"","context":"Post similar","img":{"alt_text":"","src":"https:\/\/i0.wp.com\/hortareal.com.br\/wp-content\/uploads\/2022\/03\/almeirao-scaled.jpg?fit=1200%2C1200&ssl=1&resize=350%2C200","width":350,"height":200},"classes":[]}],"_links":{"self":[{"href":"https:\/\/hortareal.com.br\/index.php?rest_route=\/wp\/v2\/product\/97","targetHints":{"allow":["GET"]}}],"collection":[{"href":"https:\/\/hortareal.com.br\/index.php?rest_route=\/wp\/v2\/product"}],"about":[{"href":"https:\/\/hortareal.com.br\/index.php?rest_route=\/wp\/v2\/types\/product"}],"wp:featuredmedia":[{"embeddable":true,"href":"https:\/\/hortareal.com.br\/index.php?rest_route=\/wp\/v2\/media\/98"}],"wp:attachment":[{"href":"https:\/\/hortareal.com.br\/index.php?rest_route=%2Fwp%2Fv2%2Fmedia&parent=97"}],"wp:term":[{"taxonomy":"product_cat","embeddable":true,"href":"https:\/\/hortareal.com.br\/index.php?rest_route=%2Fwp%2Fv2%2Fproduct_cat&post=97"},{"taxonomy":"product_tag","embeddable":true,"href":"https:\/\/hortareal.com.br\/index.php?rest_route=%2Fwp%2Fv2%2Fproduct_tag&post=97"}],"curies":[{"name":"wp","href":"https:\/\/api.w.org\/{rel}","templated":true}]}}