{"id":416,"date":"2022-06-25T09:39:10","date_gmt":"2022-06-25T12:39:10","guid":{"rendered":"https:\/\/hortareal.com.br\/?post_type=product&#038;p=416"},"modified":"2022-12-11T14:48:11","modified_gmt":"2022-12-11T17:48:11","slug":"repolho-roxo","status":"publish","type":"product","link":"https:\/\/hortareal.com.br\/?product=repolho-roxo","title":{"rendered":"Repolho roxo"},"content":{"rendered":"","protected":false},"excerpt":{"rendered":"<p>Produzido pela Horta Real, sem adi\u00e7\u00e3o de agrot\u00f3xicos.<\/p>\n<p>Aduba\u00e7\u00e3o feita a partir de Bokash e Biogel.<\/p>\n","protected":false},"featured_media":417,"template":"","meta":{"om_disable_all_campaigns":false,"_mi_skip_tracking":false,"_joinchat":[]},"product_cat":[19],"product_tag":[],"class_list":{"0":"post-416","1":"product","2":"type-product","3":"status-publish","4":"has-post-thumbnail","6":"product_cat-folha","8":"first","9":"instock","10":"shipping-taxable","11":"purchasable","12":"product-type-simple"},"aioseo_notices":[],"jetpack-related-posts":[{"id":86,"url":"https:\/\/hortareal.com.br\/?product=alface-roxa","url_meta":{"origin":416,"position":0},"title":"Alface roxa (und.)","date":"mar\u00e7o 14, 2022","format":false,"excerpt":"Produzido pela Horta Real, sem a adi\u00e7\u00e3o de agrot\u00f3xicos Aduba\u00e7\u00e3o feita a partir de bokashi e biogel.","rel":"","context":"Post similar","img":{"alt_text":"","src":"https:\/\/i0.wp.com\/hortareal.com.br\/wp-content\/uploads\/2022\/03\/IMG_5761-2.jpg?fit=1200%2C1200&ssl=1&resize=350%2C200","width":350,"height":200},"classes":[]},{"id":284,"url":"https:\/\/hortareal.com.br\/?product=repolho","url_meta":{"origin":416,"position":1},"title":"Repolho","date":"maio 21, 2022","format":false,"excerpt":"Produzido pela Horta Real, sem adi\u00e7\u00e3o de agrot\u00f3xicos. Aduba\u00e7\u00e3o feita a partir de bokashi e biogel.","rel":"","context":"Post similar","img":{"alt_text":"","src":"https:\/\/i0.wp.com\/hortareal.com.br\/wp-content\/uploads\/2022\/05\/IMG_20220221_144609753-scaled.jpg?fit=1200%2C1200&ssl=1&resize=350%2C200","width":350,"height":200},"classes":[]},{"id":76,"url":"https:\/\/hortareal.com.br\/?product=agriao","url_meta":{"origin":416,"position":2},"title":"Agri\u00e3o da terra (molho)","date":"mar\u00e7o 14, 2022","format":false,"excerpt":"Produzido pela Horta Real, sem a adi\u00e7\u00e3o de agrot\u00f3xicos. Aduba\u00e7\u00e3o feita a partir de bokashi e biogel.","rel":"","context":"Post similar","img":{"alt_text":"","src":"https:\/\/i0.wp.com\/hortareal.com.br\/wp-content\/uploads\/2022\/03\/agriao-scaled.jpg?fit=1200%2C1200&ssl=1&resize=350%2C200","width":350,"height":200},"classes":[]},{"id":93,"url":"https:\/\/hortareal.com.br\/?product=almeirao","url_meta":{"origin":416,"position":3},"title":"Almeir\u00e3o (und.)","date":"mar\u00e7o 14, 2022","format":false,"excerpt":"Produzido pela Horta Real, sem a adi\u00e7\u00e3o de agrot\u00f3xicos. Aduba\u00e7\u00e3o feita a partir de bokashi e biogel.","rel":"","context":"Post similar","img":{"alt_text":"","src":"https:\/\/i0.wp.com\/hortareal.com.br\/wp-content\/uploads\/2022\/03\/almeirao-scaled.jpg?fit=1200%2C1200&ssl=1&resize=350%2C200","width":350,"height":200},"classes":[]},{"id":127,"url":"https:\/\/hortareal.com.br\/?product=hortela-molho","url_meta":{"origin":416,"position":4},"title":"Hortel\u00e3 (molho)","date":"mar\u00e7o 14, 2022","format":false,"excerpt":"Produzido pela Horta Real, sem adi\u00e7\u00e3o de agrot\u00f3xicos Aduba\u00e7\u00e3o feita a partir de bokashi e biogel.","rel":"","context":"Post similar","img":{"alt_text":"","src":"https:\/\/i0.wp.com\/hortareal.com.br\/wp-content\/uploads\/2022\/03\/hortela-scaled.jpg?fit=1200%2C1200&ssl=1&resize=350%2C200","width":350,"height":200},"classes":[]},{"id":148,"url":"https:\/\/hortareal.com.br\/?product=salsinha-molho","url_meta":{"origin":416,"position":5},"title":"Salsinha (molho)","date":"mar\u00e7o 14, 2022","format":false,"excerpt":"Produzido pela Horta Real, sem adi\u00e7\u00e3o de agrot\u00f3xicos. Aduba\u00e7\u00e3o feita a partir de bokashi e biogel.","rel":"","context":"Post similar","img":{"alt_text":"","src":"https:\/\/i0.wp.com\/hortareal.com.br\/wp-content\/uploads\/2022\/03\/Salsinha-scaled.jpg?fit=1200%2C1200&ssl=1&resize=350%2C200","width":350,"height":200},"classes":[]}],"_links":{"self":[{"href":"https:\/\/hortareal.com.br\/index.php?rest_route=\/wp\/v2\/product\/416","targetHints":{"allow":["GET"]}}],"collection":[{"href":"https:\/\/hortareal.com.br\/index.php?rest_route=\/wp\/v2\/product"}],"about":[{"href":"https:\/\/hortareal.com.br\/index.php?rest_route=\/wp\/v2\/types\/product"}],"wp:featuredmedia":[{"embeddable":true,"href":"https:\/\/hortareal.com.br\/index.php?rest_route=\/wp\/v2\/media\/417"}],"wp:attachment":[{"href":"https:\/\/hortareal.com.br\/index.php?rest_route=%2Fwp%2Fv2%2Fmedia&parent=416"}],"wp:term":[{"taxonomy":"product_cat","embeddable":true,"href":"https:\/\/hortareal.com.br\/index.php?rest_route=%2Fwp%2Fv2%2Fproduct_cat&post=416"},{"taxonomy":"product_tag","embeddable":true,"href":"https:\/\/hortareal.com.br\/index.php?rest_route=%2Fwp%2Fv2%2Fproduct_tag&post=416"}],"curies":[{"name":"wp","href":"https:\/\/api.w.org\/{rel}","templated":true}]}}