{"id":144,"date":"2022-03-14T23:03:12","date_gmt":"2022-03-15T02:03:12","guid":{"rendered":"https:\/\/hortareal.com.br\/?post_type=product&#038;p=144"},"modified":"2022-09-24T07:04:27","modified_gmt":"2022-09-24T10:04:27","slug":"poejo-molho","status":"publish","type":"product","link":"https:\/\/hortareal.com.br\/?product=poejo-molho","title":{"rendered":"Poejo (molho)"},"content":{"rendered":"<p><span style=\"font-size: medium;\">\u00c9 um poderoso expectorante e adstringente \u00e9 eficiente para secar e eliminar secre\u00e7\u00f5es que se acumulam nos pulm\u00f5es e vias respirat\u00f3rias. Auxilia no tratamento de doen\u00e7as como gripes e resfriados e do trato respirat\u00f3rio como asma, bronquite e outras.<\/span><\/p>\n<p><span style=\"font-size: medium;\">Produzido pela Horta Real, sem adi\u00e7\u00e3o de agrot\u00f3xicos.<\/span><\/p>\n<p><span style=\"font-size: medium;\">Aduba\u00e7\u00e3o feita a partir de bokashi e biogel.<\/span><\/p>\n","protected":false},"excerpt":{"rendered":"<p><span style=\"font-size: medium;\">\u00c9 um poderoso expectorante e adstringente \u00e9 eficiente para secar e eliminar secre\u00e7\u00f5es que se acumulam nos pulm\u00f5es e vias respirat\u00f3rias. Auxilia no tratamento de doen\u00e7as como gripes e resfriados e do trato respirat\u00f3rio como asma, bronquite e outras.<\/span><\/p>\n<p><span style=\"font-size: medium;\">Produzido pela Horta Real, sem adi\u00e7\u00e3o de agrot\u00f3xicos.<\/span><\/p>\n<p><span style=\"font-size: medium;\">Aduba\u00e7\u00e3o feita a partir de bokashi e biogel.<\/span><\/p>\n","protected":false},"featured_media":145,"template":"","meta":{"om_disable_all_campaigns":false,"_mi_skip_tracking":false,"_joinchat":[]},"product_cat":[21],"product_tag":[],"class_list":{"0":"post-144","1":"product","2":"type-product","3":"status-publish","4":"has-post-thumbnail","6":"product_cat-cha","8":"first","9":"instock","10":"shipping-taxable","11":"purchasable","12":"product-type-simple"},"aioseo_notices":[],"jetpack-related-posts":[{"id":364,"url":"https:\/\/hortareal.com.br\/?product=elevante-molho","url_meta":{"origin":144,"position":0},"title":"Elevante (molho)","date":"junho 12, 2022","format":false,"excerpt":"Suas folhas s\u00e3o usadas na medicina popular e auxiliam no al\u00edvio de problemas respirat\u00f3rios, digestivos e nervosos, por causa do mentol que \u00e9 um de seus princ\u00edpios ativos. \u00c9 usada para melhora de gripes, resfriados e bronquites; al\u00e9m de aliviar c\u00f3licas, diarreia, flatul\u00eancias e outros ind\u00edcios de infec\u00e7\u00e3o intestinal. Produzido\u2026","rel":"","context":"Post similar","img":{"alt_text":"","src":"https:\/\/i0.wp.com\/hortareal.com.br\/wp-content\/uploads\/2022\/06\/Elevante.jpg?fit=1200%2C1200&ssl=1&resize=350%2C200","width":350,"height":200},"classes":[]},{"id":150,"url":"https:\/\/hortareal.com.br\/?product=savia-molho","url_meta":{"origin":144,"position":1},"title":"S\u00e1via (molho)","date":"mar\u00e7o 14, 2022","format":false,"excerpt":"A s\u00e1lvia cont\u00e9m \u00f3timas propriedades medicinais. A a\u00e7\u00e3o antioxidante e anti-inflamat\u00f3ria ajuda no aumento da imunidade, sedo assim, tanto previne como trata gripes e resfriados. Produzido pela Horta Real, sem adi\u00e7\u00e3o de agrot\u00f3xicos. Aduba\u00e7\u00e3o feita a partir de bokashi e biogel.","rel":"","context":"Post similar","img":{"alt_text":"","src":"https:\/\/i0.wp.com\/hortareal.com.br\/wp-content\/uploads\/2022\/03\/salvia-scaled.jpg?fit=1200%2C1200&ssl=1&resize=350%2C200","width":350,"height":200},"classes":[]},{"id":125,"url":"https:\/\/hortareal.com.br\/?product=funcho-molho","url_meta":{"origin":144,"position":2},"title":"Funcho (molho)","date":"mar\u00e7o 14, 2022","format":false,"excerpt":"O ch\u00e1 de funcho \u00e9 muito indicado para quem sofre com desconfortos estomacais, c\u00f3licas e pris\u00e3o de ventre. Tem propriedades anti-inflamat\u00f3ria, estimulante, diur\u00e9tica e expectorante entre outras. Produzido pela Horta Real, sem adi\u00e7\u00e3o de agrot\u00f3xicos. Aduba\u00e7\u00e3o feita a partir de bokashi.","rel":"","context":"Post similar","img":{"alt_text":"","src":"https:\/\/i0.wp.com\/hortareal.com.br\/wp-content\/uploads\/2022\/03\/funcho-scaled.jpg?fit=1200%2C1200&ssl=1&resize=350%2C200","width":350,"height":200},"classes":[]},{"id":76,"url":"https:\/\/hortareal.com.br\/?product=agriao","url_meta":{"origin":144,"position":3},"title":"Agri\u00e3o da terra (molho)","date":"mar\u00e7o 14, 2022","format":false,"excerpt":"Produzido pela Horta Real, sem a adi\u00e7\u00e3o de agrot\u00f3xicos. Aduba\u00e7\u00e3o feita a partir de bokashi e biogel.","rel":"","context":"Post similar","img":{"alt_text":"","src":"https:\/\/i0.wp.com\/hortareal.com.br\/wp-content\/uploads\/2022\/03\/agriao-scaled.jpg?fit=1200%2C1200&ssl=1&resize=350%2C200","width":350,"height":200},"classes":[]},{"id":93,"url":"https:\/\/hortareal.com.br\/?product=almeirao","url_meta":{"origin":144,"position":4},"title":"Almeir\u00e3o (und.)","date":"mar\u00e7o 14, 2022","format":false,"excerpt":"Produzido pela Horta Real, sem a adi\u00e7\u00e3o de agrot\u00f3xicos. Aduba\u00e7\u00e3o feita a partir de bokashi e biogel.","rel":"","context":"Post similar","img":{"alt_text":"","src":"https:\/\/i0.wp.com\/hortareal.com.br\/wp-content\/uploads\/2022\/03\/almeirao-scaled.jpg?fit=1200%2C1200&ssl=1&resize=350%2C200","width":350,"height":200},"classes":[]},{"id":127,"url":"https:\/\/hortareal.com.br\/?product=hortela-molho","url_meta":{"origin":144,"position":5},"title":"Hortel\u00e3 (molho)","date":"mar\u00e7o 14, 2022","format":false,"excerpt":"Produzido pela Horta Real, sem adi\u00e7\u00e3o de agrot\u00f3xicos Aduba\u00e7\u00e3o feita a partir de bokashi e biogel.","rel":"","context":"Post similar","img":{"alt_text":"","src":"https:\/\/i0.wp.com\/hortareal.com.br\/wp-content\/uploads\/2022\/03\/hortela-scaled.jpg?fit=1200%2C1200&ssl=1&resize=350%2C200","width":350,"height":200},"classes":[]}],"_links":{"self":[{"href":"https:\/\/hortareal.com.br\/index.php?rest_route=\/wp\/v2\/product\/144","targetHints":{"allow":["GET"]}}],"collection":[{"href":"https:\/\/hortareal.com.br\/index.php?rest_route=\/wp\/v2\/product"}],"about":[{"href":"https:\/\/hortareal.com.br\/index.php?rest_route=\/wp\/v2\/types\/product"}],"wp:featuredmedia":[{"embeddable":true,"href":"https:\/\/hortareal.com.br\/index.php?rest_route=\/wp\/v2\/media\/145"}],"wp:attachment":[{"href":"https:\/\/hortareal.com.br\/index.php?rest_route=%2Fwp%2Fv2%2Fmedia&parent=144"}],"wp:term":[{"taxonomy":"product_cat","embeddable":true,"href":"https:\/\/hortareal.com.br\/index.php?rest_route=%2Fwp%2Fv2%2Fproduct_cat&post=144"},{"taxonomy":"product_tag","embeddable":true,"href":"https:\/\/hortareal.com.br\/index.php?rest_route=%2Fwp%2Fv2%2Fproduct_tag&post=144"}],"curies":[{"name":"wp","href":"https:\/\/api.w.org\/{rel}","templated":true}]}}