{"id":140,"date":"2022-03-14T22:56:46","date_gmt":"2022-03-15T01:56:46","guid":{"rendered":"https:\/\/hortareal.com.br\/?post_type=product&#038;p=140"},"modified":"2022-12-19T10:11:56","modified_gmt":"2022-12-19T13:11:56","slug":"ora-pro-nobis-molho","status":"publish","type":"product","link":"https:\/\/hortareal.com.br\/?product=ora-pro-nobis-molho","title":{"rendered":"Ora-pro-n\u00f3bis (molho)"},"content":{"rendered":"<p><span style=\"font-size: medium;\">Rica em prote\u00ednas e minerais como c\u00e1lcio, ferro e f\u00f3sforo. Auxilia no emagrecimento e no funcionamento do intestino evita o envelhecimento al\u00e9m de fortalecer ossos e dentes!<\/span><\/p>\n<p><span style=\"font-size: medium;\">Produzido pela Horta Real, sem adi\u00e7\u00e3o de agrot\u00f3xicos. <\/span><\/p>\n<p><span style=\"font-size: medium;\">Aduba\u00e7\u00e3o feita a partir de bokashi.<\/span><\/p>\n","protected":false},"excerpt":{"rendered":"<p><span style=\"font-size: medium;\">Rica em prote\u00ednas e minerais como c\u00e1lcio, ferro e f\u00f3sforo. Auxilia no emagrecimento e no funcionamento do intestino evita o envelhecimento al\u00e9m de fortalecer ossos e dentes!<\/span><\/p>\n<p><span style=\"font-size: medium;\">Produzido pela Horta Real, sem adi\u00e7\u00e3o de agrot\u00f3xicos. <\/span><\/p>\n<p><span style=\"font-size: medium;\">Aduba\u00e7\u00e3o feita a partir de bokashi.<\/span><\/p>\n","protected":false},"featured_media":141,"template":"","meta":{"om_disable_all_campaigns":false,"_mi_skip_tracking":false,"_joinchat":[]},"product_cat":[23],"product_tag":[],"class_list":{"0":"post-140","1":"product","2":"type-product","3":"status-publish","4":"has-post-thumbnail","6":"product_cat-panc","8":"first","9":"instock","10":"shipping-taxable","11":"purchasable","12":"product-type-simple"},"aioseo_notices":[],"jetpack-related-posts":[{"id":142,"url":"https:\/\/hortareal.com.br\/?product=peixinho-molho","url_meta":{"origin":140,"position":0},"title":"Peixinho (molho)","date":"mar\u00e7o 14, 2022","format":false,"excerpt":"A planta peixinho tem uma boa quantidade dos minerais, pot\u00e1ssio, c\u00e1lcio e ferro, al\u00e9m de ser uma excelente fonte de fibra alimentar. Pode ser utiliza-se na medicina popular para aliviar a tosse e as irrita\u00e7\u00f5es na garganta. Produzido pela Horta Real, sem adi\u00e7\u00e3o de agrot\u00f3xicos. Aduba\u00e7\u00e3o feita a partir de\u2026","rel":"","context":"Post similar","img":{"alt_text":"","src":"https:\/\/i0.wp.com\/hortareal.com.br\/wp-content\/uploads\/2022\/03\/peixinho-scaled.jpg?fit=1200%2C1200&ssl=1&resize=350%2C200","width":350,"height":200},"classes":[]},{"id":159,"url":"https:\/\/hortareal.com.br\/?product=vinagreira-molho","url_meta":{"origin":140,"position":1},"title":"Vinagreira (molho)","date":"mar\u00e7o 14, 2022","format":false,"excerpt":"A vinagreira \u00e9 da mesma fam\u00edlia dos hibiscos, sua cor avermelhada a torna uma \u00f3tima op\u00e7\u00e3o para enfeitar pratos e saladas, seu sabor \u00e9 bem azedinho. Al\u00e9m disso \u00e9 uma planta medicinal rica em vitamina A e C, ferro, f\u00f3sforo e pot\u00e1ssio, o que lhe garante a\u00e7\u00e3o antioxidante, antiss\u00e9ptica, t\u00f4nica\u2026","rel":"","context":"Post similar","img":{"alt_text":"","src":"https:\/\/i0.wp.com\/hortareal.com.br\/wp-content\/uploads\/2022\/03\/vinagreira-scaled.jpg?fit=1200%2C1200&ssl=1&resize=350%2C200","width":350,"height":200},"classes":[]},{"id":91,"url":"https:\/\/hortareal.com.br\/?product=almeirao-roxo","url_meta":{"origin":140,"position":2},"title":"Almeir\u00e3o roxo (molho)","date":"mar\u00e7o 14, 2022","format":false,"excerpt":"Rico em minerais especialmente pot\u00e1ssio e c\u00e1lcio, tem propriedade calmante, digestiva, diur\u00e9tica entre outras. Geralmente feito refogado Produzido pela Horta Real, sem a adi\u00e7\u00e3o de agrot\u00f3xicos. Aduba\u00e7\u00e3o feita a partir de bokashi.","rel":"","context":"Post similar","img":{"alt_text":"","src":"https:\/\/i0.wp.com\/hortareal.com.br\/wp-content\/uploads\/2022\/03\/almeirao-roxo-scaled.jpg?fit=1200%2C1200&ssl=1&resize=350%2C200","width":350,"height":200},"classes":[]},{"id":157,"url":"https:\/\/hortareal.com.br\/?product=umbigo-de-banana-und","url_meta":{"origin":140,"position":3},"title":"Umbigo de banana (und.)","date":"mar\u00e7o 14, 2022","format":false,"excerpt":"Existem excelentes receitas com o umbigo de banana, vale a pena experimentar! Al\u00e9m disso essa PANC possui grandes quantidades de fibra alimentar, prote\u00ednas e minerais. Produzido pela Horta Real, sem adi\u00e7\u00e3o de agrot\u00f3xicos. Aduba\u00e7\u00e3o feita a partir de bokashi e biogel.","rel":"","context":"Post similar","img":{"alt_text":"","src":"https:\/\/i0.wp.com\/hortareal.com.br\/wp-content\/uploads\/2022\/03\/umbigo-de-banana-scaled.jpg?fit=1200%2C1200&ssl=1&resize=350%2C200","width":350,"height":200},"classes":[]},{"id":106,"url":"https:\/\/hortareal.com.br\/?product=boldo-do-chile-molho","url_meta":{"origin":140,"position":4},"title":"Boldo do Chile (molho)","date":"mar\u00e7o 14, 2022","format":false,"excerpt":"Ch\u00e1 geralmente utilizado para tratar problemas intestinais. Produzido pela Horta Real, sem a adi\u00e7\u00e3o de agrot\u00f3xicos. Aduba\u00e7\u00e3o feita a partir de bokashi.","rel":"","context":"Post similar","img":{"alt_text":"","src":"https:\/\/i0.wp.com\/hortareal.com.br\/wp-content\/uploads\/2022\/03\/boldo-do-Chile-.jpg?fit=1200%2C1200&ssl=1&resize=350%2C200","width":350,"height":200},"classes":[]},{"id":138,"url":"https:\/\/hortareal.com.br\/?product=melissa-molho","url_meta":{"origin":140,"position":5},"title":"Melissa (molho)","date":"mar\u00e7o 14, 2022","format":false,"excerpt":"Bem leve, arom\u00e1tico e rico em propriedades medicinais, tem vitamina A, B,C e minerais, as folhas da melissa s\u00e3o excelentes para tratar altera\u00e7\u00f5es digestivas, ansiedade e ins\u00f4nia. Elas tamb\u00e9m podem agir como um sedativo natural. Produzido pela Horta Real, sem adi\u00e7\u00e3o de agrot\u00f3xicos. Aduba\u00e7\u00e3o feita a partir de bokashi.","rel":"","context":"Post similar","img":{"alt_text":"","src":"https:\/\/i0.wp.com\/hortareal.com.br\/wp-content\/uploads\/2022\/03\/melissa-scaled.jpg?fit=1200%2C1200&ssl=1&resize=350%2C200","width":350,"height":200},"classes":[]}],"_links":{"self":[{"href":"https:\/\/hortareal.com.br\/index.php?rest_route=\/wp\/v2\/product\/140","targetHints":{"allow":["GET"]}}],"collection":[{"href":"https:\/\/hortareal.com.br\/index.php?rest_route=\/wp\/v2\/product"}],"about":[{"href":"https:\/\/hortareal.com.br\/index.php?rest_route=\/wp\/v2\/types\/product"}],"wp:featuredmedia":[{"embeddable":true,"href":"https:\/\/hortareal.com.br\/index.php?rest_route=\/wp\/v2\/media\/141"}],"wp:attachment":[{"href":"https:\/\/hortareal.com.br\/index.php?rest_route=%2Fwp%2Fv2%2Fmedia&parent=140"}],"wp:term":[{"taxonomy":"product_cat","embeddable":true,"href":"https:\/\/hortareal.com.br\/index.php?rest_route=%2Fwp%2Fv2%2Fproduct_cat&post=140"},{"taxonomy":"product_tag","embeddable":true,"href":"https:\/\/hortareal.com.br\/index.php?rest_route=%2Fwp%2Fv2%2Fproduct_tag&post=140"}],"curies":[{"name":"wp","href":"https:\/\/api.w.org\/{rel}","templated":true}]}}