{"id":129,"date":"2022-03-14T22:32:10","date_gmt":"2022-03-15T01:32:10","guid":{"rendered":"https:\/\/hortareal.com.br\/?post_type=product&#038;p=129"},"modified":"2022-12-12T11:47:31","modified_gmt":"2022-12-12T14:47:31","slug":"jilo-porcao-500g","status":"publish","type":"product","link":"https:\/\/hortareal.com.br\/?product=jilo-porcao-500g","title":{"rendered":"Jil\u00f3 (por\u00e7\u00e3o 500g)"},"content":{"rendered":"<p>Produzido pela Horta Real, sem adi\u00e7\u00e3o de agrot\u00f3xicos<\/p>\n<p>Aduba\u00e7\u00e3o feita a partir de bokashi e biogel.<\/p>\n","protected":false},"excerpt":{"rendered":"<p>Produzido pela Horta Real, sem adi\u00e7\u00e3o de agrot\u00f3xicos<\/p>\n<p>Aduba\u00e7\u00e3o feita a partir de bokashi e biogel.<\/p>\n","protected":false},"featured_media":130,"template":"","meta":{"om_disable_all_campaigns":false,"_mi_skip_tracking":false,"_joinchat":[]},"product_cat":[17],"product_tag":[],"class_list":{"0":"post-129","1":"product","2":"type-product","3":"status-publish","4":"has-post-thumbnail","6":"product_cat-legumes-raiz","8":"first","9":"instock","10":"shipping-taxable","11":"purchasable","12":"product-type-simple"},"aioseo_notices":[],"jetpack-related-posts":[{"id":76,"url":"https:\/\/hortareal.com.br\/?product=agriao","url_meta":{"origin":129,"position":0},"title":"Agri\u00e3o da terra (molho)","date":"mar\u00e7o 14, 2022","format":false,"excerpt":"Produzido pela Horta Real, sem a adi\u00e7\u00e3o de agrot\u00f3xicos. Aduba\u00e7\u00e3o feita a partir de bokashi e biogel.","rel":"","context":"Post similar","img":{"alt_text":"","src":"https:\/\/i0.wp.com\/hortareal.com.br\/wp-content\/uploads\/2022\/03\/agriao-scaled.jpg?fit=1200%2C1200&ssl=1&resize=350%2C200","width":350,"height":200},"classes":[]},{"id":93,"url":"https:\/\/hortareal.com.br\/?product=almeirao","url_meta":{"origin":129,"position":1},"title":"Almeir\u00e3o (und.)","date":"mar\u00e7o 14, 2022","format":false,"excerpt":"Produzido pela Horta Real, sem a adi\u00e7\u00e3o de agrot\u00f3xicos. Aduba\u00e7\u00e3o feita a partir de bokashi e biogel.","rel":"","context":"Post similar","img":{"alt_text":"","src":"https:\/\/i0.wp.com\/hortareal.com.br\/wp-content\/uploads\/2022\/03\/almeirao-scaled.jpg?fit=1200%2C1200&ssl=1&resize=350%2C200","width":350,"height":200},"classes":[]},{"id":127,"url":"https:\/\/hortareal.com.br\/?product=hortela-molho","url_meta":{"origin":129,"position":2},"title":"Hortel\u00e3 (molho)","date":"mar\u00e7o 14, 2022","format":false,"excerpt":"Produzido pela Horta Real, sem adi\u00e7\u00e3o de agrot\u00f3xicos Aduba\u00e7\u00e3o feita a partir de bokashi e biogel.","rel":"","context":"Post similar","img":{"alt_text":"","src":"https:\/\/i0.wp.com\/hortareal.com.br\/wp-content\/uploads\/2022\/03\/hortela-scaled.jpg?fit=1200%2C1200&ssl=1&resize=350%2C200","width":350,"height":200},"classes":[]},{"id":148,"url":"https:\/\/hortareal.com.br\/?product=salsinha-molho","url_meta":{"origin":129,"position":3},"title":"Salsinha (molho)","date":"mar\u00e7o 14, 2022","format":false,"excerpt":"Produzido pela Horta Real, sem adi\u00e7\u00e3o de agrot\u00f3xicos. Aduba\u00e7\u00e3o feita a partir de bokashi e biogel.","rel":"","context":"Post similar","img":{"alt_text":"","src":"https:\/\/i0.wp.com\/hortareal.com.br\/wp-content\/uploads\/2022\/03\/Salsinha-scaled.jpg?fit=1200%2C1200&ssl=1&resize=350%2C200","width":350,"height":200},"classes":[]},{"id":80,"url":"https:\/\/hortareal.com.br\/?product=alface-crespa","url_meta":{"origin":129,"position":4},"title":"Alface americana (und.)","date":"mar\u00e7o 14, 2022","format":false,"excerpt":"Produzido pela Horta Real, sem adi\u00e7\u00e3o de agrot\u00f3xicos. Aduba\u00e7\u00e3o feita a partir de bokashi e biogel.","rel":"","context":"Post similar","img":{"alt_text":"","src":"https:\/\/i0.wp.com\/hortareal.com.br\/wp-content\/uploads\/2022\/03\/alface-americana-scaled.jpg?fit=1200%2C1200&ssl=1&resize=350%2C200","width":350,"height":200},"classes":[]},{"id":114,"url":"https:\/\/hortareal.com.br\/?product=cebolinha-molho","url_meta":{"origin":129,"position":5},"title":"Cebolinha (molho)","date":"mar\u00e7o 14, 2022","format":false,"excerpt":"Produzido pela Horta Real, sem adi\u00e7\u00e3o de agrot\u00f3xicos Aduba\u00e7\u00e3o feita a partir de bokashi e biogel.","rel":"","context":"Post similar","img":{"alt_text":"","src":"https:\/\/i0.wp.com\/hortareal.com.br\/wp-content\/uploads\/2022\/03\/cebolinha-scaled.jpg?fit=1200%2C1200&ssl=1&resize=350%2C200","width":350,"height":200},"classes":[]}],"_links":{"self":[{"href":"https:\/\/hortareal.com.br\/index.php?rest_route=\/wp\/v2\/product\/129","targetHints":{"allow":["GET"]}}],"collection":[{"href":"https:\/\/hortareal.com.br\/index.php?rest_route=\/wp\/v2\/product"}],"about":[{"href":"https:\/\/hortareal.com.br\/index.php?rest_route=\/wp\/v2\/types\/product"}],"wp:featuredmedia":[{"embeddable":true,"href":"https:\/\/hortareal.com.br\/index.php?rest_route=\/wp\/v2\/media\/130"}],"wp:attachment":[{"href":"https:\/\/hortareal.com.br\/index.php?rest_route=%2Fwp%2Fv2%2Fmedia&parent=129"}],"wp:term":[{"taxonomy":"product_cat","embeddable":true,"href":"https:\/\/hortareal.com.br\/index.php?rest_route=%2Fwp%2Fv2%2Fproduct_cat&post=129"},{"taxonomy":"product_tag","embeddable":true,"href":"https:\/\/hortareal.com.br\/index.php?rest_route=%2Fwp%2Fv2%2Fproduct_tag&post=129"}],"curies":[{"name":"wp","href":"https:\/\/api.w.org\/{rel}","templated":true}]}}