{"id":125,"date":"2022-03-14T22:27:33","date_gmt":"2022-03-15T01:27:33","guid":{"rendered":"https:\/\/hortareal.com.br\/?post_type=product&#038;p=125"},"modified":"2022-12-12T11:22:33","modified_gmt":"2022-12-12T14:22:33","slug":"funcho-molho","status":"publish","type":"product","link":"https:\/\/hortareal.com.br\/?product=funcho-molho","title":{"rendered":"Funcho (molho)"},"content":{"rendered":"<p><span style=\"font-size: medium;\">O ch\u00e1 de funcho \u00e9 muito indicado para quem sofre com desconfortos estomacais, c\u00f3licas e pris\u00e3o de ventre. Tem propriedades anti-inflamat\u00f3ria, estimulante, diur\u00e9tica e expectorante entre outras. <\/span><\/p>\n<p><span style=\"font-size: medium;\">Produzido pela Horta Real, sem adi\u00e7\u00e3o de agrot\u00f3xicos. <\/span><\/p>\n<p><span style=\"font-size: medium;\">Aduba\u00e7\u00e3o feita a partir de bokashi.<\/span><\/p>\n","protected":false},"excerpt":{"rendered":"<p><span style=\"font-size: medium;\">O ch\u00e1 de funcho \u00e9 muito indicado para quem sofre com desconfortos estomacais, c\u00f3licas e pris\u00e3o de ventre. Tem propriedades anti-inflamat\u00f3ria, estimulante, diur\u00e9tica e expectorante entre outras. <\/span><\/p>\n<p><span style=\"font-size: medium;\">Produzido pela Horta Real, sem adi\u00e7\u00e3o de agrot\u00f3xicos. <\/span><\/p>\n<p><span style=\"font-size: medium;\">Aduba\u00e7\u00e3o feita a partir de bokashi.<\/span><\/p>\n","protected":false},"featured_media":126,"template":"","meta":{"om_disable_all_campaigns":false,"_mi_skip_tracking":false,"_joinchat":[]},"product_cat":[21],"product_tag":[],"class_list":{"0":"post-125","1":"product","2":"type-product","3":"status-publish","4":"has-post-thumbnail","6":"product_cat-cha","8":"first","9":"instock","10":"shipping-taxable","11":"purchasable","12":"product-type-simple"},"aioseo_notices":[],"jetpack-related-posts":[{"id":150,"url":"https:\/\/hortareal.com.br\/?product=savia-molho","url_meta":{"origin":125,"position":0},"title":"S\u00e1via (molho)","date":"mar\u00e7o 14, 2022","format":false,"excerpt":"A s\u00e1lvia cont\u00e9m \u00f3timas propriedades medicinais. A a\u00e7\u00e3o antioxidante e anti-inflamat\u00f3ria ajuda no aumento da imunidade, sedo assim, tanto previne como trata gripes e resfriados. Produzido pela Horta Real, sem adi\u00e7\u00e3o de agrot\u00f3xicos. Aduba\u00e7\u00e3o feita a partir de bokashi e biogel.","rel":"","context":"Post similar","img":{"alt_text":"","src":"https:\/\/i0.wp.com\/hortareal.com.br\/wp-content\/uploads\/2022\/03\/salvia-scaled.jpg?fit=1200%2C1200&ssl=1&resize=350%2C200","width":350,"height":200},"classes":[]},{"id":91,"url":"https:\/\/hortareal.com.br\/?product=almeirao-roxo","url_meta":{"origin":125,"position":1},"title":"Almeir\u00e3o roxo (molho)","date":"mar\u00e7o 14, 2022","format":false,"excerpt":"Rico em minerais especialmente pot\u00e1ssio e c\u00e1lcio, tem propriedade calmante, digestiva, diur\u00e9tica entre outras. Geralmente feito refogado Produzido pela Horta Real, sem a adi\u00e7\u00e3o de agrot\u00f3xicos. Aduba\u00e7\u00e3o feita a partir de bokashi.","rel":"","context":"Post similar","img":{"alt_text":"","src":"https:\/\/i0.wp.com\/hortareal.com.br\/wp-content\/uploads\/2022\/03\/almeirao-roxo-scaled.jpg?fit=1200%2C1200&ssl=1&resize=350%2C200","width":350,"height":200},"classes":[]},{"id":144,"url":"https:\/\/hortareal.com.br\/?product=poejo-molho","url_meta":{"origin":125,"position":2},"title":"Poejo (molho)","date":"mar\u00e7o 14, 2022","format":false,"excerpt":"\u00c9 um poderoso expectorante e adstringente \u00e9 eficiente para secar e eliminar secre\u00e7\u00f5es que se acumulam nos pulm\u00f5es e vias respirat\u00f3rias. Auxilia no tratamento de doen\u00e7as como gripes e resfriados e do trato respirat\u00f3rio como asma, bronquite e outras. Produzido pela Horta Real, sem adi\u00e7\u00e3o de agrot\u00f3xicos. Aduba\u00e7\u00e3o feita a\u2026","rel":"","context":"Post similar","img":{"alt_text":"","src":"https:\/\/i0.wp.com\/hortareal.com.br\/wp-content\/uploads\/2022\/03\/poejo-scaled.jpg?fit=1200%2C1200&ssl=1&resize=350%2C200","width":350,"height":200},"classes":[]},{"id":360,"url":"https:\/\/hortareal.com.br\/?product=acafrao-da-terra-curcuma-in-natura-100g","url_meta":{"origin":125,"position":3},"title":"A\u00e7afr\u00e3o-da-terra\/ c\u00farcuma, in natura (100g)","date":"junho 12, 2022","format":false,"excerpt":"Tipicamente utilizado como condimento na culin\u00e1ria. Possui propriedades anti-inflamat\u00f3ria e antioxidante. Produzido pela Horta Real, sem a adi\u00e7\u00e3o de agrot\u00f3xicos Aduba\u00e7\u00e3o feita a partir de bokashi e biogel.","rel":"","context":"Post similar","img":{"alt_text":"","src":"https:\/\/i0.wp.com\/hortareal.com.br\/wp-content\/uploads\/2022\/06\/Acafrao-da-terra.jpg?fit=1200%2C1200&ssl=1&resize=350%2C200","width":350,"height":200},"classes":[]},{"id":106,"url":"https:\/\/hortareal.com.br\/?product=boldo-do-chile-molho","url_meta":{"origin":125,"position":4},"title":"Boldo do Chile (molho)","date":"mar\u00e7o 14, 2022","format":false,"excerpt":"Ch\u00e1 geralmente utilizado para tratar problemas intestinais. Produzido pela Horta Real, sem a adi\u00e7\u00e3o de agrot\u00f3xicos. Aduba\u00e7\u00e3o feita a partir de bokashi.","rel":"","context":"Post similar","img":{"alt_text":"","src":"https:\/\/i0.wp.com\/hortareal.com.br\/wp-content\/uploads\/2022\/03\/boldo-do-Chile-.jpg?fit=1200%2C1200&ssl=1&resize=350%2C200","width":350,"height":200},"classes":[]},{"id":110,"url":"https:\/\/hortareal.com.br\/?product=capim-cidreira-molho","url_meta":{"origin":125,"position":5},"title":"Capim Cidreira (molho)","date":"mar\u00e7o 14, 2022","format":false,"excerpt":"O capim cidreira \u00e9 um excelente calmante natural e pode ajudar por exemplo no combate a ins\u00f4nia. Tamb\u00e9m possui propriedades antioxidantes. Produzido pela Horta Real, sem adi\u00e7\u00e3o de agrot\u00f3xicos Aduba\u00e7\u00e3o feita a partir de bokashi.","rel":"","context":"Post similar","img":{"alt_text":"","src":"https:\/\/i0.wp.com\/hortareal.com.br\/wp-content\/uploads\/2022\/03\/capim-Cidreira-scaled.jpg?fit=1200%2C1200&ssl=1&resize=350%2C200","width":350,"height":200},"classes":[]}],"_links":{"self":[{"href":"https:\/\/hortareal.com.br\/index.php?rest_route=\/wp\/v2\/product\/125","targetHints":{"allow":["GET"]}}],"collection":[{"href":"https:\/\/hortareal.com.br\/index.php?rest_route=\/wp\/v2\/product"}],"about":[{"href":"https:\/\/hortareal.com.br\/index.php?rest_route=\/wp\/v2\/types\/product"}],"wp:featuredmedia":[{"embeddable":true,"href":"https:\/\/hortareal.com.br\/index.php?rest_route=\/wp\/v2\/media\/126"}],"wp:attachment":[{"href":"https:\/\/hortareal.com.br\/index.php?rest_route=%2Fwp%2Fv2%2Fmedia&parent=125"}],"wp:term":[{"taxonomy":"product_cat","embeddable":true,"href":"https:\/\/hortareal.com.br\/index.php?rest_route=%2Fwp%2Fv2%2Fproduct_cat&post=125"},{"taxonomy":"product_tag","embeddable":true,"href":"https:\/\/hortareal.com.br\/index.php?rest_route=%2Fwp%2Fv2%2Fproduct_tag&post=125"}],"curies":[{"name":"wp","href":"https:\/\/api.w.org\/{rel}","templated":true}]}}