{"id":104,"date":"2022-03-14T21:58:34","date_gmt":"2022-03-15T00:58:34","guid":{"rendered":"https:\/\/hortareal.com.br\/?post_type=product&#038;p=104"},"modified":"2022-05-21T17:13:38","modified_gmt":"2022-05-21T20:13:38","slug":"bertalha-molho","status":"publish","type":"product","link":"https:\/\/hortareal.com.br\/?product=bertalha-molho","title":{"rendered":"Bertalha (molho)"},"content":{"rendered":"<p>Conhecida como espinafre-indiano a bertalha \u00e9 uma excelente panc, tem baixo teor de calorias e gorduras mas \u00e9 rica em ferro, c\u00e1lcio, vitamina C e vitamina A. Previne o desenvolvimento de doen\u00e7as como diabetes, artrite, Parkinson, Alzheimer e c\u00e2ncer.<\/p>\n<p>Normalmente consumida crua ou cortada em peda\u00e7os para saladas, vale usar imagina\u00e7\u00e3o tamb\u00e9m!<\/p>\n","protected":false},"excerpt":{"rendered":"<p>Conhecida como espinafre-indiano a bertalha \u00e9 uma excelente panc, tem baixo teor de calorias e gorduras mas \u00e9 rica em ferro, c\u00e1lcio, vitamina C e vitamina A. Previne o desenvolvimento de doen\u00e7as como diabetes, artrite, Parkinson, Alzheimer e c\u00e2ncer.<\/p>\n<p>Normalmente consumida crua ou cortada em peda\u00e7os para saladas, vale usar imagina\u00e7\u00e3o tamb\u00e9m!<\/p>\n","protected":false},"featured_media":105,"template":"","meta":{"om_disable_all_campaigns":false,"_mi_skip_tracking":false,"_joinchat":[]},"product_cat":[23],"product_tag":[],"class_list":{"0":"post-104","1":"product","2":"type-product","3":"status-publish","4":"has-post-thumbnail","6":"product_cat-panc","8":"first","9":"outofstock","10":"shipping-taxable","11":"purchasable","12":"product-type-simple"},"aioseo_notices":[],"jetpack-related-posts":[{"id":159,"url":"https:\/\/hortareal.com.br\/?product=vinagreira-molho","url_meta":{"origin":104,"position":0},"title":"Vinagreira (molho)","date":"mar\u00e7o 14, 2022","format":false,"excerpt":"A vinagreira \u00e9 da mesma fam\u00edlia dos hibiscos, sua cor avermelhada a torna uma \u00f3tima op\u00e7\u00e3o para enfeitar pratos e saladas, seu sabor \u00e9 bem azedinho. Al\u00e9m disso \u00e9 uma planta medicinal rica em vitamina A e C, ferro, f\u00f3sforo e pot\u00e1ssio, o que lhe garante a\u00e7\u00e3o antioxidante, antiss\u00e9ptica, t\u00f4nica\u2026","rel":"","context":"Post similar","img":{"alt_text":"","src":"https:\/\/i0.wp.com\/hortareal.com.br\/wp-content\/uploads\/2022\/03\/vinagreira-scaled.jpg?fit=1200%2C1200&ssl=1&resize=350%2C200","width":350,"height":200},"classes":[]},{"id":142,"url":"https:\/\/hortareal.com.br\/?product=peixinho-molho","url_meta":{"origin":104,"position":1},"title":"Peixinho (molho)","date":"mar\u00e7o 14, 2022","format":false,"excerpt":"A planta peixinho tem uma boa quantidade dos minerais, pot\u00e1ssio, c\u00e1lcio e ferro, al\u00e9m de ser uma excelente fonte de fibra alimentar. Pode ser utiliza-se na medicina popular para aliviar a tosse e as irrita\u00e7\u00f5es na garganta. Produzido pela Horta Real, sem adi\u00e7\u00e3o de agrot\u00f3xicos. Aduba\u00e7\u00e3o feita a partir de\u2026","rel":"","context":"Post similar","img":{"alt_text":"","src":"https:\/\/i0.wp.com\/hortareal.com.br\/wp-content\/uploads\/2022\/03\/peixinho-scaled.jpg?fit=1200%2C1200&ssl=1&resize=350%2C200","width":350,"height":200},"classes":[]},{"id":138,"url":"https:\/\/hortareal.com.br\/?product=melissa-molho","url_meta":{"origin":104,"position":2},"title":"Melissa (molho)","date":"mar\u00e7o 14, 2022","format":false,"excerpt":"Bem leve, arom\u00e1tico e rico em propriedades medicinais, tem vitamina A, B,C e minerais, as folhas da melissa s\u00e3o excelentes para tratar altera\u00e7\u00f5es digestivas, ansiedade e ins\u00f4nia. Elas tamb\u00e9m podem agir como um sedativo natural. Produzido pela Horta Real, sem adi\u00e7\u00e3o de agrot\u00f3xicos. Aduba\u00e7\u00e3o feita a partir de bokashi.","rel":"","context":"Post similar","img":{"alt_text":"","src":"https:\/\/i0.wp.com\/hortareal.com.br\/wp-content\/uploads\/2022\/03\/melissa-scaled.jpg?fit=1200%2C1200&ssl=1&resize=350%2C200","width":350,"height":200},"classes":[]}],"_links":{"self":[{"href":"https:\/\/hortareal.com.br\/index.php?rest_route=\/wp\/v2\/product\/104","targetHints":{"allow":["GET"]}}],"collection":[{"href":"https:\/\/hortareal.com.br\/index.php?rest_route=\/wp\/v2\/product"}],"about":[{"href":"https:\/\/hortareal.com.br\/index.php?rest_route=\/wp\/v2\/types\/product"}],"wp:featuredmedia":[{"embeddable":true,"href":"https:\/\/hortareal.com.br\/index.php?rest_route=\/wp\/v2\/media\/105"}],"wp:attachment":[{"href":"https:\/\/hortareal.com.br\/index.php?rest_route=%2Fwp%2Fv2%2Fmedia&parent=104"}],"wp:term":[{"taxonomy":"product_cat","embeddable":true,"href":"https:\/\/hortareal.com.br\/index.php?rest_route=%2Fwp%2Fv2%2Fproduct_cat&post=104"},{"taxonomy":"product_tag","embeddable":true,"href":"https:\/\/hortareal.com.br\/index.php?rest_route=%2Fwp%2Fv2%2Fproduct_tag&post=104"}],"curies":[{"name":"wp","href":"https:\/\/api.w.org\/{rel}","templated":true}]}}